{"id":24,"date":"2018-12-14T09:57:07","date_gmt":"2018-12-14T09:57:07","guid":{"rendered":"https:\/\/ld-wp73.template-help.com\/monstroid2\/skins\/homerepair\/?page_id=24"},"modified":"2021-04-15T06:45:55","modified_gmt":"2021-04-15T06:45:55","slug":"kapcsolat-utatfuras-acel-vakond-kft","status":"publish","type":"page","link":"https:\/\/acelvakond.hu\/en\/kapcsolat-utatfuras-acel-vakond-kft\/","title":{"rendered":"Contacts"},"content":{"rendered":"<div data-elementor-type=\"wp-post\" data-elementor-id=\"24\" class=\"elementor elementor-24\">\n\t\t\t\t\t\t<div class=\"elementor-inner\">\n\t\t\t\t<div class=\"elementor-section-wrap\">\n\t\t\t\t\t\t\t\t\t<section class=\"elementor-section elementor-top-section elementor-element elementor-element-21aeb0d elementor-section-height-min-height elementor-section-boxed elementor-section-height-default elementor-section-items-middle\" data-id=\"21aeb0d\" data-element_type=\"section\" data-settings=\"{&quot;jet_parallax_layout_list&quot;:[{&quot;jet_parallax_layout_image&quot;:{&quot;url&quot;:&quot;&quot;,&quot;id&quot;:&quot;&quot;},&quot;_id&quot;:&quot;9e56628&quot;,&quot;jet_parallax_layout_speed&quot;:{&quot;unit&quot;:&quot;%&quot;,&quot;size&quot;:50,&quot;sizes&quot;:[]},&quot;jet_parallax_layout_image_tablet&quot;:{&quot;url&quot;:&quot;&quot;,&quot;id&quot;:&quot;&quot;},&quot;jet_parallax_layout_image_mobile&quot;:{&quot;url&quot;:&quot;&quot;,&quot;id&quot;:&quot;&quot;},&quot;jet_parallax_layout_type&quot;:&quot;scroll&quot;,&quot;jet_parallax_layout_direction&quot;:null,&quot;jet_parallax_layout_fx_direction&quot;:null,&quot;jet_parallax_layout_z_index&quot;:&quot;&quot;,&quot;jet_parallax_layout_bg_x&quot;:50,&quot;jet_parallax_layout_bg_x_tablet&quot;:&quot;&quot;,&quot;jet_parallax_layout_bg_x_mobile&quot;:&quot;&quot;,&quot;jet_parallax_layout_bg_y&quot;:50,&quot;jet_parallax_layout_bg_y_tablet&quot;:&quot;&quot;,&quot;jet_parallax_layout_bg_y_mobile&quot;:&quot;&quot;,&quot;jet_parallax_layout_bg_size&quot;:&quot;auto&quot;,&quot;jet_parallax_layout_bg_size_tablet&quot;:&quot;&quot;,&quot;jet_parallax_layout_bg_size_mobile&quot;:&quot;&quot;,&quot;jet_parallax_layout_animation_prop&quot;:&quot;transform&quot;,&quot;jet_parallax_layout_on&quot;:[&quot;desktop&quot;,&quot;tablet&quot;]}],&quot;background_background&quot;:&quot;classic&quot;}\">\n\t\t\t\t\t\t<div class=\"elementor-container elementor-column-gap-default\">\n\t\t\t\t\t\t\t<div class=\"elementor-row\">\n\t\t\t\t\t<div class=\"elementor-column elementor-col-100 elementor-top-column elementor-element elementor-element-fdcef5b\" data-id=\"fdcef5b\" data-element_type=\"column\">\n\t\t\t<div class=\"elementor-column-wrap elementor-element-populated\">\n\t\t\t\t\t\t\t<div class=\"elementor-widget-wrap\">\n\t\t\t\t\t\t<div class=\"elementor-element elementor-element-a818d74 elementor-invisible elementor-widget elementor-widget-jet-map\" data-id=\"a818d74\" data-element_type=\"widget\" data-settings=\"{&quot;_animation&quot;:&quot;zoomIn&quot;}\" data-widget_type=\"jet-map.default\">\n\t\t\t\t<div class=\"elementor-widget-container\">\n\t\t\t<div class=\"jet-map-message\"><div class=\"jet-map-message__dammy-map\"><\/div><span class=\"jet-map-message__text\">Coordinates of this location not found<\/span><\/div>\t\t<\/div>\n\t\t\t\t<\/div>\n\t\t\t\t\t\t<\/div>\n\t\t\t\t\t<\/div>\n\t\t<\/div>\n\t\t\t\t\t\t\t\t<\/div>\n\t\t\t\t\t<\/div>\n\t\t<\/section>\n\t\t\t\t<section class=\"elementor-section elementor-top-section elementor-element elementor-element-21d21e0 elementor-section-boxed elementor-section-height-default elementor-section-height-default\" data-id=\"21d21e0\" data-element_type=\"section\" data-settings=\"{&quot;jet_parallax_layout_list&quot;:[{&quot;jet_parallax_layout_image&quot;:{&quot;url&quot;:&quot;&quot;,&quot;id&quot;:&quot;&quot;},&quot;_id&quot;:&quot;01c0877&quot;,&quot;jet_parallax_layout_speed&quot;:{&quot;unit&quot;:&quot;%&quot;,&quot;size&quot;:50,&quot;sizes&quot;:[]},&quot;jet_parallax_layout_image_tablet&quot;:{&quot;url&quot;:&quot;&quot;,&quot;id&quot;:&quot;&quot;},&quot;jet_parallax_layout_image_mobile&quot;:{&quot;url&quot;:&quot;&quot;,&quot;id&quot;:&quot;&quot;},&quot;jet_parallax_layout_type&quot;:&quot;scroll&quot;,&quot;jet_parallax_layout_direction&quot;:null,&quot;jet_parallax_layout_fx_direction&quot;:null,&quot;jet_parallax_layout_z_index&quot;:&quot;&quot;,&quot;jet_parallax_layout_bg_x&quot;:50,&quot;jet_parallax_layout_bg_x_tablet&quot;:&quot;&quot;,&quot;jet_parallax_layout_bg_x_mobile&quot;:&quot;&quot;,&quot;jet_parallax_layout_bg_y&quot;:50,&quot;jet_parallax_layout_bg_y_tablet&quot;:&quot;&quot;,&quot;jet_parallax_layout_bg_y_mobile&quot;:&quot;&quot;,&quot;jet_parallax_layout_bg_size&quot;:&quot;auto&quot;,&quot;jet_parallax_layout_bg_size_tablet&quot;:&quot;&quot;,&quot;jet_parallax_layout_bg_size_mobile&quot;:&quot;&quot;,&quot;jet_parallax_layout_animation_prop&quot;:&quot;transform&quot;,&quot;jet_parallax_layout_on&quot;:[&quot;desktop&quot;,&quot;tablet&quot;]}],&quot;background_background&quot;:&quot;classic&quot;}\">\n\t\t\t\t\t\t<div class=\"elementor-container elementor-column-gap-wide\">\n\t\t\t\t\t\t\t<div class=\"elementor-row\">\n\t\t\t\t\t<div class=\"elementor-column elementor-col-33 elementor-top-column elementor-element elementor-element-53dab6a\" data-id=\"53dab6a\" data-element_type=\"column\" data-settings=\"{&quot;background_background&quot;:&quot;slideshow&quot;,&quot;background_slideshow_gallery&quot;:[],&quot;background_slideshow_slide_duration&quot;:5000,&quot;background_slideshow_slide_transition&quot;:&quot;fade&quot;,&quot;background_slideshow_transition_duration&quot;:500}\">\n\t\t\t<div class=\"elementor-column-wrap elementor-element-populated\">\n\t\t\t\t\t\t\t<div class=\"elementor-widget-wrap\">\n\t\t\t\t\t\t<div class=\"elementor-element elementor-element-25af8db elementor-widget elementor-widget-heading\" data-id=\"25af8db\" data-element_type=\"widget\" data-widget_type=\"heading.default\">\n\t\t\t\t<div class=\"elementor-widget-container\">\n\t\t\t<h2 class=\"elementor-heading-title elementor-size-default\">Contacts:<\/h2>\t\t<\/div>\n\t\t\t\t<\/div>\n\t\t\t\t<div class=\"elementor-element elementor-element-1630e67 elementor-position-left elementor-view-default elementor-mobile-position-top elementor-vertical-align-top elementor-widget elementor-widget-icon-box\" data-id=\"1630e67\" data-element_type=\"widget\" data-widget_type=\"icon-box.default\">\n\t\t\t\t<div class=\"elementor-widget-container\">\n\t\t\t\t\t<div class=\"elementor-icon-box-wrapper\">\n\t\t\t\t\t\t<div class=\"elementor-icon-box-icon\">\n\t\t\t\t<span class=\"elementor-icon elementor-animation-\" >\n\t\t\t\t<i aria-hidden=\"true\" class=\"nc-icon-outline location_pin\"><\/i>\t\t\t\t<\/span>\n\t\t\t<\/div>\n\t\t\t\t\t\t<div class=\"elementor-icon-box-content\">\n\t\t\t\t<div class=\"elementor-icon-box-title\">\n\t\t\t\t\t<span  >\n\t\t\t\t\t\tHeadquarters and Business premises\t\t\t\t\t<\/span>\n\t\t\t\t<\/div>\n\t\t\t\t\t\t\t\t\t<p class=\"elementor-icon-box-description\">\n\t\t\t\t\t\t8420, Zirc Kossuth L. u. 72.\t\t\t\t\t<\/p>\n\t\t\t\t\t\t\t<\/div>\n\t\t<\/div>\n\t\t\t\t<\/div>\n\t\t\t\t<\/div>\n\t\t\t\t<div class=\"elementor-element elementor-element-9108327 elementor-position-left elementor-view-default elementor-mobile-position-top elementor-vertical-align-top elementor-widget elementor-widget-icon-box\" data-id=\"9108327\" data-element_type=\"widget\" data-widget_type=\"icon-box.default\">\n\t\t\t\t<div class=\"elementor-widget-container\">\n\t\t\t\t\t<div class=\"elementor-icon-box-wrapper\">\n\t\t\t\t\t\t<div class=\"elementor-icon-box-icon\">\n\t\t\t\t<span class=\"elementor-icon elementor-animation-\" >\n\t\t\t\t<i aria-hidden=\"true\" class=\"nc-icon-outline tech_mobile-button\"><\/i>\t\t\t\t<\/span>\n\t\t\t<\/div>\n\t\t\t\t\t\t<div class=\"elementor-icon-box-content\">\n\t\t\t\t<div class=\"elementor-icon-box-title\">\n\t\t\t\t\t<span  >\n\t\t\t\t\t\tPhone and FAX:\t\t\t\t\t<\/span>\n\t\t\t\t<\/div>\n\t\t\t\t\t\t\t\t\t<p class=\"elementor-icon-box-description\">\n\t\t\t\t\t\tMobil: +36 30 339 53 64;\t\t\t\t\t<\/p>\n\t\t\t\t\t\t\t<\/div>\n\t\t<\/div>\n\t\t\t\t<\/div>\n\t\t\t\t<\/div>\n\t\t\t\t<div class=\"elementor-element elementor-element-f0398f3 elementor-position-left elementor-view-default elementor-mobile-position-top elementor-vertical-align-top elementor-widget elementor-widget-icon-box\" data-id=\"f0398f3\" data-element_type=\"widget\" data-widget_type=\"icon-box.default\">\n\t\t\t\t<div class=\"elementor-widget-container\">\n\t\t\t\t\t<div class=\"elementor-icon-box-wrapper\">\n\t\t\t\t\t\t<div class=\"elementor-icon-box-icon\">\n\t\t\t\t<span class=\"elementor-icon elementor-animation-\" >\n\t\t\t\t<i aria-hidden=\"true\" class=\"far fa-clock\"><\/i>\t\t\t\t<\/span>\n\t\t\t<\/div>\n\t\t\t\t\t\t<div class=\"elementor-icon-box-content\">\n\t\t\t\t<div class=\"elementor-icon-box-title\">\n\t\t\t\t\t<span  >\n\t\t\t\t\t\tOffice records:\t\t\t\t\t<\/span>\n\t\t\t\t<\/div>\n\t\t\t\t\t\t\t\t\t<p class=\"elementor-icon-box-description\">\n\t\t\t\t\t\tWe are available on weekdays,<br>\nMonday-Friday: 07:00 - 17:00<br>\n\t\t\t\t\t<\/p>\n\t\t\t\t\t\t\t<\/div>\n\t\t<\/div>\n\t\t\t\t<\/div>\n\t\t\t\t<\/div>\n\t\t\t\t<div class=\"elementor-element elementor-element-cf4c207 elementor-position-left elementor-view-default elementor-mobile-position-top elementor-vertical-align-top elementor-widget elementor-widget-icon-box\" data-id=\"cf4c207\" data-element_type=\"widget\" data-widget_type=\"icon-box.default\">\n\t\t\t\t<div class=\"elementor-widget-container\">\n\t\t\t\t\t<div class=\"elementor-icon-box-wrapper\">\n\t\t\t\t\t\t<div class=\"elementor-icon-box-icon\">\n\t\t\t\t<span class=\"elementor-icon elementor-animation-\" >\n\t\t\t\t<i aria-hidden=\"true\" class=\"nc-icon-outline ui-1_email-83\"><\/i>\t\t\t\t<\/span>\n\t\t\t<\/div>\n\t\t\t\t\t\t<div class=\"elementor-icon-box-content\">\n\t\t\t\t<div class=\"elementor-icon-box-title\">\n\t\t\t\t\t<span  >\n\t\t\t\t\t\tEmail:\t\t\t\t\t<\/span>\n\t\t\t\t<\/div>\n\t\t\t\t\t\t\t\t\t<p class=\"elementor-icon-box-description\">\n\t\t\t\t\t\tacelvakond@acelvakond.hu\t\t\t\t\t<\/p>\n\t\t\t\t\t\t\t<\/div>\n\t\t<\/div>\n\t\t\t\t<\/div>\n\t\t\t\t<\/div>\n\t\t\t\t\t\t<\/div>\n\t\t\t\t\t<\/div>\n\t\t<\/div>\n\t\t\t\t<div class=\"elementor-column elementor-col-66 elementor-top-column elementor-element elementor-element-10b8b30\" data-id=\"10b8b30\" data-element_type=\"column\">\n\t\t\t<div class=\"elementor-column-wrap elementor-element-populated\">\n\t\t\t\t\t\t\t<div class=\"elementor-widget-wrap\">\n\t\t\t\t\t\t<div class=\"elementor-element elementor-element-7c68c01 elementor-widget elementor-widget-heading\" data-id=\"7c68c01\" data-element_type=\"widget\" data-widget_type=\"heading.default\">\n\t\t\t\t<div class=\"elementor-widget-container\">\n\t\t\t<h2 class=\"elementor-heading-title elementor-size-default\">Write us a message!<\/h2>\t\t<\/div>\n\t\t\t\t<\/div>\n\t\t\t\t<div class=\"elementor-element elementor-element-d6f2dbf elementor-widget elementor-widget-text-editor\" data-id=\"d6f2dbf\" data-element_type=\"widget\" data-widget_type=\"text-editor.default\">\n\t\t\t\t<div class=\"elementor-widget-container\">\n\t\t\t\t\t\t\t\t<div class=\"elementor-text-editor elementor-clearfix\">\n\t\t\t\t<p>Fill out the form below with your questions and our staff will contact you shortly.<\/p>\t\t\t\t\t<\/div>\n\t\t\t\t\t\t<\/div>\n\t\t\t\t<\/div>\n\t\t\t\t<div class=\"elementor-element elementor-element-a980c3c elementor-widget elementor-widget-contact-form-7\" data-id=\"a980c3c\" data-element_type=\"widget\" data-widget_type=\"contact-form-7.default\">\n\t\t\t\t<div class=\"elementor-widget-container\">\n\t\t\t<div class=\"elementor-contact-form-7 jet-elements\"><div class=\"wpcf7 no-js\" id=\"wpcf7-f778-o1\" lang=\"en-US\" dir=\"ltr\">\n<div class=\"screen-reader-response\"><p role=\"status\" aria-live=\"polite\" aria-atomic=\"true\"><\/p> <ul><\/ul><\/div>\n<form action=\"\/en\/wp-json\/wp\/v2\/pages\/24#wpcf7-f778-o1\" method=\"post\" class=\"wpcf7-form init\" aria-label=\"Contact form\" novalidate=\"novalidate\" data-status=\"init\" data-trp-original-action=\"\/en\/wp-json\/wp\/v2\/pages\/24#wpcf7-f778-o1\">\n<div style=\"display: none;\">\n<input type=\"hidden\" name=\"_wpcf7\" value=\"778\" \/>\n<input type=\"hidden\" name=\"_wpcf7_version\" value=\"5.7.2\" \/>\n<input type=\"hidden\" name=\"_wpcf7_locale\" value=\"en_US\" \/>\n<input type=\"hidden\" name=\"_wpcf7_unit_tag\" value=\"wpcf7-f778-o1\" \/>\n<input type=\"hidden\" name=\"_wpcf7_container_post\" value=\"0\" \/>\n<input type=\"hidden\" name=\"_wpcf7_posted_data_hash\" value=\"\" \/>\n<\/div>\n<div class=\"row\">\n\t<div class=\"col-md-6 col-xs-12\">\n\t\t<p><span class=\"wpcf7-form-control-wrap\" data-name=\"your-name\"><input size=\"40\" class=\"wpcf7-form-control wpcf7-text wpcf7-validates-as-required\" aria-required=\"true\" aria-invalid=\"false\" placeholder=\"Name\" value=\"\" type=\"text\" name=\"your-name\" \/><\/span>\n\t\t<\/p>\n\t<\/div>\n\t<div class=\"col-md-6 col-xs-12\">\n\t\t<p><span class=\"wpcf7-form-control-wrap\" data-name=\"your-tel\"><input size=\"40\" class=\"wpcf7-form-control wpcf7-text wpcf7-tel wpcf7-validates-as-required wpcf7-validates-as-tel\" aria-required=\"true\" aria-invalid=\"false\" placeholder=\"Phone number\" value=\"\" type=\"tel\" name=\"your-tel\" \/><\/span>\n\t\t<\/p>\n\t<\/div>\n\t<div class=\"col-md-6 col-xs-12\">\n\t\t<p><span class=\"wpcf7-form-control-wrap\" data-name=\"your-email\"><input size=\"40\" class=\"wpcf7-form-control wpcf7-text wpcf7-email wpcf7-validates-as-required wpcf7-validates-as-email\" aria-required=\"true\" aria-invalid=\"false\" placeholder=\"E-mail address\" value=\"\" type=\"email\" name=\"your-email\" \/><\/span>\n\t\t<\/p>\n\t<\/div>\n\t<div class=\"col-md-6 col-xs-12\">\n\t\t<p><span class=\"wpcf7-form-control-wrap\" data-name=\"your-services\"><input size=\"40\" class=\"wpcf7-form-control wpcf7-text wpcf7-validates-as-required\" aria-required=\"true\" aria-invalid=\"false\" placeholder=\"Required service\" value=\"\" type=\"text\" name=\"your-services\" \/><\/span>\n\t\t<\/p>\n\t<\/div>\n\t<div class=\"col-md-12 col-xs-12\">\n\t\t<p><span class=\"wpcf7-form-control-wrap\" data-name=\"your-message\"><textarea cols=\"40\" rows=\"10\" class=\"wpcf7-form-control wpcf7-textarea\" aria-invalid=\"false\" placeholder=\"Message\" name=\"your-message\"><\/textarea><\/span>\n\t\t<\/p>\n\t\t<p><input class=\"wpcf7-form-control has-spinner wpcf7-submit\" type=\"submit\" value=\"Send\" \/>\n\t\t<\/p>\n\t<\/div>\n<\/div><div class=\"wpcf7-response-output\" aria-hidden=\"true\"><\/div><input type=\"hidden\" name=\"trp-form-language\" value=\"en\"\/><\/form><\/div><\/div>\t\t<\/div>\n\t\t\t\t<\/div>\n\t\t\t\t\t\t<\/div>\n\t\t\t\t\t<\/div>\n\t\t<\/div>\n\t\t\t\t\t\t\t\t<\/div>\n\t\t\t\t\t<\/div>\n\t\t<\/section>\n\t\t\t\t<section class=\"elementor-section elementor-top-section elementor-element elementor-element-3418b46 elementor-section-stretched elementor-section-boxed elementor-section-height-default elementor-section-height-default\" data-id=\"3418b46\" data-element_type=\"section\" data-settings=\"{&quot;stretch_section&quot;:&quot;section-stretched&quot;,&quot;jet_parallax_layout_list&quot;:[{&quot;jet_parallax_layout_image&quot;:{&quot;url&quot;:&quot;&quot;,&quot;id&quot;:&quot;&quot;},&quot;_id&quot;:&quot;e95d1bc&quot;,&quot;jet_parallax_layout_image_tablet&quot;:{&quot;url&quot;:&quot;&quot;,&quot;id&quot;:&quot;&quot;},&quot;jet_parallax_layout_image_mobile&quot;:{&quot;url&quot;:&quot;&quot;,&quot;id&quot;:&quot;&quot;},&quot;jet_parallax_layout_speed&quot;:{&quot;unit&quot;:&quot;%&quot;,&quot;size&quot;:50,&quot;sizes&quot;:[]},&quot;jet_parallax_layout_type&quot;:&quot;scroll&quot;,&quot;jet_parallax_layout_direction&quot;:null,&quot;jet_parallax_layout_fx_direction&quot;:null,&quot;jet_parallax_layout_z_index&quot;:&quot;&quot;,&quot;jet_parallax_layout_bg_x&quot;:50,&quot;jet_parallax_layout_bg_x_tablet&quot;:&quot;&quot;,&quot;jet_parallax_layout_bg_x_mobile&quot;:&quot;&quot;,&quot;jet_parallax_layout_bg_y&quot;:50,&quot;jet_parallax_layout_bg_y_tablet&quot;:&quot;&quot;,&quot;jet_parallax_layout_bg_y_mobile&quot;:&quot;&quot;,&quot;jet_parallax_layout_bg_size&quot;:&quot;auto&quot;,&quot;jet_parallax_layout_bg_size_tablet&quot;:&quot;&quot;,&quot;jet_parallax_layout_bg_size_mobile&quot;:&quot;&quot;,&quot;jet_parallax_layout_animation_prop&quot;:&quot;transform&quot;,&quot;jet_parallax_layout_on&quot;:[&quot;desktop&quot;,&quot;tablet&quot;]}],&quot;background_background&quot;:&quot;classic&quot;}\">\n\t\t\t\t\t\t<div class=\"elementor-container elementor-column-gap-default\">\n\t\t\t\t\t\t\t<div class=\"elementor-row\">\n\t\t\t\t\t<div class=\"elementor-column elementor-col-100 elementor-top-column elementor-element elementor-element-e228a87\" data-id=\"e228a87\" data-element_type=\"column\">\n\t\t\t<div class=\"elementor-column-wrap elementor-element-populated\">\n\t\t\t\t\t\t\t<div class=\"elementor-widget-wrap\">\n\t\t\t\t\t\t<div class=\"elementor-element elementor-element-2701bbe elementor-widget elementor-widget-heading\" data-id=\"2701bbe\" data-element_type=\"widget\" data-widget_type=\"heading.default\">\n\t\t\t\t<div class=\"elementor-widget-container\">\n\t\t\t<h2 class=\"elementor-heading-title elementor-size-default\">ROUTE DRILLING - DIRECTED DRILLING - STEEL STEELING - CONCRETE TUBING - ROCK PRESSING - DIRECTED DRILLING\nOPEN PANEL MICROTUNNELING - STEEL WELDING - HOBAS TUBE MOLDING - TUBE SPRING TECHNOLOGY<\/h2>\t\t<\/div>\n\t\t\t\t<\/div>\n\t\t\t\t\t\t<\/div>\n\t\t\t\t\t<\/div>\n\t\t<\/div>\n\t\t\t\t\t\t\t\t<\/div>\n\t\t\t\t\t<\/div>\n\t\t<\/section>\n\t\t\t\t\t\t\t\t\t<\/div>\n\t\t\t<\/div>\n\t\t\t\t\t<\/div>","protected":false},"excerpt":{"rendered":"<p>El\u00e9rhet\u0151s\u00e9gek: K\u00f6zpont \u00e9s telephely: 8420, Zirc Kossuth L. u. 72. Telefon \u00e9s FAX: Mobil: +36 30 339 53 64; Irodai nyitvatart\u00e1s: \u00c1llunk rendelkez\u00e9s\u00e9re munkanapokon, h\u00e9tf\u0151t\u0151l-p\u00e9ntekig: 08:00\u201317:00 Email: acelvakond@acelvakond.hu \u00cdrjon nek\u00fcnk \u00fczenetet! T\u00f6ltse ki az al\u00e1bbi \u0171rlapot k\u00e9rd\u00e9seivel, \u00e9s munkat\u00e1rsunk hamarosan felveszi \u00d6nnel a kapcsolatot. \u00daT\u00c1TF\u00daR\u00c1S &#8211; VEZ\u00c9NYELT SAJTOL\u00c1S &#8211; AC\u00c9LCS\u0150 SAJTOL\u00c1S &#8211; BETONCS\u0150 SAJTOL\u00c1S &#8211; [&hellip;]<\/p>","protected":false},"author":1,"featured_media":0,"parent":0,"menu_order":0,"comment_status":"closed","ping_status":"closed","template":"page-templates\/fullwidth-content.php","meta":[],"yoast_head":"<!-- This site is optimized with the Yoast SEO plugin v19.13 - https:\/\/yoast.com\/wordpress\/plugins\/seo\/ -->\n<title>\u00dat\u00e1tf\u00far\u00e1s - AC\u00c9L-VAKOND KFT. - 25 tapsztalattal \u00fat\u00e1tf\u00far\u00e1sban<\/title>\n<meta name=\"description\" content=\"\u00dat\u00e1tf\u00far\u00e1ssal c\u00e9g\u00fcnk k\u00f6zel 25 \u00e9ve foglalkozik. V\u00e1llalatunk ezen tev\u00e9kenys\u00e9gi k\u00f6rben nagy szakmai tapasztalattal, kiv\u00e1l\u00f3 szakember g\u00e1rd\u00e1val rendelkezik\" \/>\n<meta name=\"robots\" content=\"index, follow, max-snippet:-1, max-image-preview:large, max-video-preview:-1\" \/>\n<link rel=\"canonical\" href=\"https:\/\/acelvakond.hu\/en\/kapcsolat-utatfuras-acel-vakond-kft\/\" \/>\n<meta property=\"og:locale\" content=\"en_US\" \/>\n<meta property=\"og:type\" content=\"article\" \/>\n<meta property=\"og:title\" content=\"\u00dat\u00e1tf\u00far\u00e1s - AC\u00c9L-VAKOND KFT. - 25 tapsztalattal \u00fat\u00e1tf\u00far\u00e1sban\" \/>\n<meta property=\"og:description\" content=\"\u00dat\u00e1tf\u00far\u00e1ssal c\u00e9g\u00fcnk k\u00f6zel 25 \u00e9ve foglalkozik. V\u00e1llalatunk ezen tev\u00e9kenys\u00e9gi k\u00f6rben nagy szakmai tapasztalattal, kiv\u00e1l\u00f3 szakember g\u00e1rd\u00e1val rendelkezik\" \/>\n<meta property=\"og:url\" content=\"https:\/\/acelvakond.hu\/en\/kapcsolat-utatfuras-acel-vakond-kft\/\" \/>\n<meta property=\"og:site_name\" content=\"Ac\u00e9l - Vakond KFT.\" \/>\n<meta property=\"article:modified_time\" content=\"2021-04-15T06:45:55+00:00\" \/>\n<meta name=\"twitter:card\" content=\"summary_large_image\" \/>\n<meta name=\"twitter:label1\" content=\"Est. reading time\" \/>\n\t<meta name=\"twitter:data1\" content=\"1 minute\" \/>\n<script type=\"application\/ld+json\" class=\"yoast-schema-graph\">{\"@context\":\"https:\/\/schema.org\",\"@graph\":[{\"@type\":\"WebPage\",\"@id\":\"https:\/\/acelvakond.hu\/kapcsolat-utatfuras-acel-vakond-kft\/\",\"url\":\"https:\/\/acelvakond.hu\/kapcsolat-utatfuras-acel-vakond-kft\/\",\"name\":\"\u00dat\u00e1tf\u00far\u00e1s - AC\u00c9L-VAKOND KFT. - 25 tapsztalattal \u00fat\u00e1tf\u00far\u00e1sban\",\"isPartOf\":{\"@id\":\"https:\/\/acelvakond.hu\/#website\"},\"datePublished\":\"2018-12-14T09:57:07+00:00\",\"dateModified\":\"2021-04-15T06:45:55+00:00\",\"description\":\"\u00dat\u00e1tf\u00far\u00e1ssal c\u00e9g\u00fcnk k\u00f6zel 25 \u00e9ve foglalkozik. V\u00e1llalatunk ezen tev\u00e9kenys\u00e9gi k\u00f6rben nagy szakmai tapasztalattal, kiv\u00e1l\u00f3 szakember g\u00e1rd\u00e1val rendelkezik\",\"breadcrumb\":{\"@id\":\"https:\/\/acelvakond.hu\/kapcsolat-utatfuras-acel-vakond-kft\/#breadcrumb\"},\"inLanguage\":\"en-US\",\"potentialAction\":[{\"@type\":\"ReadAction\",\"target\":[\"https:\/\/acelvakond.hu\/kapcsolat-utatfuras-acel-vakond-kft\/\"]}]},{\"@type\":\"BreadcrumbList\",\"@id\":\"https:\/\/acelvakond.hu\/kapcsolat-utatfuras-acel-vakond-kft\/#breadcrumb\",\"itemListElement\":[{\"@type\":\"ListItem\",\"position\":1,\"name\":\"Kezd\u0151lap\",\"item\":\"https:\/\/acelvakond.hu\/\"},{\"@type\":\"ListItem\",\"position\":2,\"name\":\"Kapcsolat\"}]},{\"@type\":\"WebSite\",\"@id\":\"https:\/\/acelvakond.hu\/#website\",\"url\":\"https:\/\/acelvakond.hu\/\",\"name\":\"Ac\u00e9l - Vakond KFT.\",\"description\":\"25 \u00e9ves tapasztalattal az \u00fat\u00e1tf\u00far\u00e1sban\",\"publisher\":{\"@id\":\"https:\/\/acelvakond.hu\/#organization\"},\"potentialAction\":[{\"@type\":\"SearchAction\",\"target\":{\"@type\":\"EntryPoint\",\"urlTemplate\":\"https:\/\/acelvakond.hu\/?s={search_term_string}\"},\"query-input\":\"required name=search_term_string\"}],\"inLanguage\":\"en-US\"},{\"@type\":\"Organization\",\"@id\":\"https:\/\/acelvakond.hu\/#organization\",\"name\":\"\u00dat\u00e1tf\u00far\u00e1s - Ac\u00e9l-Vakond KFT. - 25 \u00e9v tapasztalattal\",\"url\":\"https:\/\/acelvakond.hu\/\",\"logo\":{\"@type\":\"ImageObject\",\"inLanguage\":\"en-US\",\"@id\":\"https:\/\/acelvakond.hu\/#\/schema\/logo\/image\/\",\"url\":\"https:\/\/acelvakond.hu\/wp-content\/uploads\/2019\/11\/acv_logo_weboldal_transparent@2x.png\",\"contentUrl\":\"https:\/\/acelvakond.hu\/wp-content\/uploads\/2019\/11\/acv_logo_weboldal_transparent@2x.png\",\"width\":628,\"height\":160,\"caption\":\"\u00dat\u00e1tf\u00far\u00e1s - Ac\u00e9l-Vakond KFT. - 25 \u00e9v tapasztalattal\"},\"image\":{\"@id\":\"https:\/\/acelvakond.hu\/#\/schema\/logo\/image\/\"}}]}<\/script>\n<!-- \/ Yoast SEO plugin. -->","yoast_head_json":{"title":"\u00dat\u00e1tf\u00far\u00e1s - AC\u00c9L-VAKOND KFT. - 25 tapsztalattal \u00fat\u00e1tf\u00far\u00e1sban","description":"\u00dat\u00e1tf\u00far\u00e1ssal c\u00e9g\u00fcnk k\u00f6zel 25 \u00e9ve foglalkozik. V\u00e1llalatunk ezen tev\u00e9kenys\u00e9gi k\u00f6rben nagy szakmai tapasztalattal, kiv\u00e1l\u00f3 szakember g\u00e1rd\u00e1val rendelkezik","robots":{"index":"index","follow":"follow","max-snippet":"max-snippet:-1","max-image-preview":"max-image-preview:large","max-video-preview":"max-video-preview:-1"},"canonical":"https:\/\/acelvakond.hu\/en\/kapcsolat-utatfuras-acel-vakond-kft\/","og_locale":"en_US","og_type":"article","og_title":"\u00dat\u00e1tf\u00far\u00e1s - AC\u00c9L-VAKOND KFT. - 25 tapsztalattal \u00fat\u00e1tf\u00far\u00e1sban","og_description":"\u00dat\u00e1tf\u00far\u00e1ssal c\u00e9g\u00fcnk k\u00f6zel 25 \u00e9ve foglalkozik. V\u00e1llalatunk ezen tev\u00e9kenys\u00e9gi k\u00f6rben nagy szakmai tapasztalattal, kiv\u00e1l\u00f3 szakember g\u00e1rd\u00e1val rendelkezik","og_url":"https:\/\/acelvakond.hu\/en\/kapcsolat-utatfuras-acel-vakond-kft\/","og_site_name":"Ac\u00e9l - Vakond KFT.","article_modified_time":"2021-04-15T06:45:55+00:00","twitter_card":"summary_large_image","twitter_misc":{"Est. reading time":"1 minute"},"schema":{"@context":"https:\/\/schema.org","@graph":[{"@type":"WebPage","@id":"https:\/\/acelvakond.hu\/kapcsolat-utatfuras-acel-vakond-kft\/","url":"https:\/\/acelvakond.hu\/kapcsolat-utatfuras-acel-vakond-kft\/","name":"\u00dat\u00e1tf\u00far\u00e1s - AC\u00c9L-VAKOND KFT. - 25 tapsztalattal \u00fat\u00e1tf\u00far\u00e1sban","isPartOf":{"@id":"https:\/\/acelvakond.hu\/#website"},"datePublished":"2018-12-14T09:57:07+00:00","dateModified":"2021-04-15T06:45:55+00:00","description":"\u00dat\u00e1tf\u00far\u00e1ssal c\u00e9g\u00fcnk k\u00f6zel 25 \u00e9ve foglalkozik. V\u00e1llalatunk ezen tev\u00e9kenys\u00e9gi k\u00f6rben nagy szakmai tapasztalattal, kiv\u00e1l\u00f3 szakember g\u00e1rd\u00e1val rendelkezik","breadcrumb":{"@id":"https:\/\/acelvakond.hu\/kapcsolat-utatfuras-acel-vakond-kft\/#breadcrumb"},"inLanguage":"en-US","potentialAction":[{"@type":"ReadAction","target":["https:\/\/acelvakond.hu\/kapcsolat-utatfuras-acel-vakond-kft\/"]}]},{"@type":"BreadcrumbList","@id":"https:\/\/acelvakond.hu\/kapcsolat-utatfuras-acel-vakond-kft\/#breadcrumb","itemListElement":[{"@type":"ListItem","position":1,"name":"Kezd\u0151lap","item":"https:\/\/acelvakond.hu\/"},{"@type":"ListItem","position":2,"name":"Kapcsolat"}]},{"@type":"WebSite","@id":"https:\/\/acelvakond.hu\/#website","url":"https:\/\/acelvakond.hu\/","name":"Ac\u00e9l - Vakond KFT.","description":"25 \u00e9ves tapasztalattal az \u00fat\u00e1tf\u00far\u00e1sban","publisher":{"@id":"https:\/\/acelvakond.hu\/#organization"},"potentialAction":[{"@type":"SearchAction","target":{"@type":"EntryPoint","urlTemplate":"https:\/\/acelvakond.hu\/?s={search_term_string}"},"query-input":"required name=search_term_string"}],"inLanguage":"en-US"},{"@type":"Organization","@id":"https:\/\/acelvakond.hu\/#organization","name":"\u00dat\u00e1tf\u00far\u00e1s - Ac\u00e9l-Vakond KFT. - 25 \u00e9v tapasztalattal","url":"https:\/\/acelvakond.hu\/","logo":{"@type":"ImageObject","inLanguage":"en-US","@id":"https:\/\/acelvakond.hu\/#\/schema\/logo\/image\/","url":"https:\/\/acelvakond.hu\/wp-content\/uploads\/2019\/11\/acv_logo_weboldal_transparent@2x.png","contentUrl":"https:\/\/acelvakond.hu\/wp-content\/uploads\/2019\/11\/acv_logo_weboldal_transparent@2x.png","width":628,"height":160,"caption":"\u00dat\u00e1tf\u00far\u00e1s - Ac\u00e9l-Vakond KFT. - 25 \u00e9v tapasztalattal"},"image":{"@id":"https:\/\/acelvakond.hu\/#\/schema\/logo\/image\/"}}]}},"_links":{"self":[{"href":"https:\/\/acelvakond.hu\/en\/wp-json\/wp\/v2\/pages\/24"}],"collection":[{"href":"https:\/\/acelvakond.hu\/en\/wp-json\/wp\/v2\/pages"}],"about":[{"href":"https:\/\/acelvakond.hu\/en\/wp-json\/wp\/v2\/types\/page"}],"author":[{"embeddable":true,"href":"https:\/\/acelvakond.hu\/en\/wp-json\/wp\/v2\/users\/1"}],"replies":[{"embeddable":true,"href":"https:\/\/acelvakond.hu\/en\/wp-json\/wp\/v2\/comments?post=24"}],"version-history":[{"count":40,"href":"https:\/\/acelvakond.hu\/en\/wp-json\/wp\/v2\/pages\/24\/revisions"}],"predecessor-version":[{"id":3294,"href":"https:\/\/acelvakond.hu\/en\/wp-json\/wp\/v2\/pages\/24\/revisions\/3294"}],"wp:attachment":[{"href":"https:\/\/acelvakond.hu\/en\/wp-json\/wp\/v2\/media?parent=24"}],"curies":[{"name":"wp","href":"https:\/\/api.w.org\/{rel}","templated":true}]}}